{"id":3752,"date":"2018-07-23T00:16:05","date_gmt":"2018-07-23T00:16:05","guid":{"rendered":"https:\/\/mariatiqwah.nl\/?page_id=3752"},"modified":"2024-09-17T17:18:57","modified_gmt":"2024-09-17T17:18:57","slug":"exposities","status":"publish","type":"page","link":"https:\/\/mariatiqwah.nl\/en\/exposities\/","title":{"rendered":"EXHIBITIONS"},"content":{"rendered":"<p><div class=\"fusion-fullwidth fullwidth-box fusion-builder-row-17 nonhundred-percent-fullwidth non-hundred-percent-height-scrolling\" style=\"--awb-border-radius-top-left:0px;--awb-border-radius-top-right:0px;--awb-border-radius-bottom-right:0px;--awb-border-radius-bottom-left:0px;--awb-padding-top:0px;--awb-padding-right:0px;--awb-padding-bottom:0px;--awb-padding-left:0px;--awb-margin-top:0px;--awb-margin-bottom:40px;--awb-flex-wrap:wrap;\" ><div class=\"fusion-builder-row fusion-row\"><div class=\"fusion-layout-column fusion_builder_column fusion-builder-column-18 fusion_builder_column_1_1 1_1 fusion-one-full fusion-column-first fusion-column-last fusion-animated\" style=\"--awb-bg-size:cover;\" data-animationType=\"fadeInDown\" data-animationDuration=\"0.3\" data-animationOffset=\"top-into-view\"><div class=\"fusion-column-wrapper fusion-flex-column-wrapper-legacy\"><div class=\"fusion-text fusion-text-18\"><p><img decoding=\"async\" class=\"aligncenter size-full wp-image-3997\" src=\"https:\/\/mariatiqwah.nl\/wp-content\/uploads\/2018\/07\/exposities-5.jpg\" alt=\"\" width=\"2400\" height=\"648\" srcset=\"https:\/\/mariatiqwah.nl\/wp-content\/uploads\/2018\/07\/exposities-5-200x54.jpg 200w, https:\/\/mariatiqwah.nl\/wp-content\/uploads\/2018\/07\/exposities-5-300x81.jpg 300w, https:\/\/mariatiqwah.nl\/wp-content\/uploads\/2018\/07\/exposities-5-400x108.jpg 400w, https:\/\/mariatiqwah.nl\/wp-content\/uploads\/2018\/07\/exposities-5-500x135.jpg 500w, https:\/\/mariatiqwah.nl\/wp-content\/uploads\/2018\/07\/exposities-5-600x162.jpg 600w, https:\/\/mariatiqwah.nl\/wp-content\/uploads\/2018\/07\/exposities-5-700x189.jpg 700w, https:\/\/mariatiqwah.nl\/wp-content\/uploads\/2018\/07\/exposities-5-768x207.jpg 768w, https:\/\/mariatiqwah.nl\/wp-content\/uploads\/2018\/07\/exposities-5-800x216.jpg 800w, https:\/\/mariatiqwah.nl\/wp-content\/uploads\/2018\/07\/exposities-5-1024x276.jpg 1024w, https:\/\/mariatiqwah.nl\/wp-content\/uploads\/2018\/07\/exposities-5-1200x324.jpg 1200w, https:\/\/mariatiqwah.nl\/wp-content\/uploads\/2018\/07\/exposities-5.jpg 2400w\" sizes=\"(max-width: 2400px) 100vw, 2400px\" \/><\/p>\n<\/div><div class=\"fusion-clearfix\"><\/div><\/div><\/div><\/div><\/div><div class=\"fusion-fullwidth fullwidth-box fusion-builder-row-18 nonhundred-percent-fullwidth non-hundred-percent-height-scrolling\" style=\"--awb-border-radius-top-left:0px;--awb-border-radius-top-right:0px;--awb-border-radius-bottom-right:0px;--awb-border-radius-bottom-left:0px;--awb-margin-top:30px;--awb-flex-wrap:wrap;\" ><div class=\"fusion-builder-row fusion-row\"><div class=\"fusion-layout-column fusion_builder_column fusion-builder-column-19 fusion_builder_column_1_1 1_1 fusion-one-full fusion-column-first fusion-column-last\" style=\"--awb-bg-size:cover;\"><div class=\"fusion-column-wrapper fusion-flex-column-wrapper-legacy\"><div class=\"fusion-title title fusion-title-2 fusion-title-text fusion-title-size-two\" style=\"--awb-sep-color:#aa114c;\"><h2 class=\"fusion-title-heading title-heading-left\" style=\"margin:0;\"><h1 style=\"text-align: left;\"><span style=\"color: #aa114c;\">EXHIBITIONS<\/span><\/h1><\/h2><span class=\"awb-title-spacer\"><\/span><div class=\"title-sep-container\"><div class=\"title-sep sep-single sep-solid\" style=\"border-color:#aa114c;\"><\/div><\/div><\/div><div class=\"fusion-clearfix\"><\/div><\/div><\/div><\/div><\/div><div class=\"fusion-fullwidth fullwidth-box fusion-builder-row-19 nonhundred-percent-fullwidth non-hundred-percent-height-scrolling\" style=\"--awb-border-radius-top-left:0px;--awb-border-radius-top-right:0px;--awb-border-radius-bottom-right:0px;--awb-border-radius-bottom-left:0px;--awb-flex-wrap:wrap;\" ><div class=\"fusion-builder-row fusion-row\"><div class=\"fusion-layout-column fusion_builder_column fusion-builder-column-20 fusion_builder_column_1_1 1_1 fusion-one-full fusion-column-first fusion-column-last\" style=\"--awb-bg-size:cover;\"><div class=\"fusion-column-wrapper fusion-flex-column-wrapper-legacy\"><div class=\"fusion-text fusion-text-19\"><p class=\"paragraph\"><span style=\"font-size: large;\">THE ART OF COMPASSION \/ PROJECT NO. 22<br \/>\n<\/span>Vegan art poster exhibition in aid of\u00a0<strong><a href=\"https:\/\/www.bwar.org\/sanctuary\/\" target=\"_blank\" rel=\"noopener\">Brother Wolf Animal Sanctuary<\/a><br \/>\n<\/strong>2 September 2018<br \/>\n<strong><a href=\"https:\/\/ashevillevegfest.com\/\" target=\"_blank\" rel=\"noopener\">VegFest Asheville, United States<\/a><\/strong><br \/>\nSupport this project and our volunteer Jawn Beach&#8217;s efforts by clicking<strong>\u00a0<a href=\"https:\/\/www.youtube.com\/watch?v=50Hf4sUF2os\" target=\"_blank\" rel=\"noopener\">here.\u00a0<\/a><\/strong><\/p>\n<\/div><div class=\"fusion-clearfix\"><\/div><\/div><\/div><\/div><\/div><div class=\"fusion-fullwidth fullwidth-box fusion-builder-row-20 nonhundred-percent-fullwidth non-hundred-percent-height-scrolling\" style=\"--awb-border-radius-top-left:0px;--awb-border-radius-top-right:0px;--awb-border-radius-bottom-right:0px;--awb-border-radius-bottom-left:0px;--awb-flex-wrap:wrap;\" ><div class=\"fusion-builder-row fusion-row\"><div class=\"fusion-layout-column fusion_builder_column fusion-builder-column-21 fusion_builder_column_1_1 1_1 fusion-one-full fusion-column-first fusion-column-last\" style=\"--awb-bg-size:cover;\"><div class=\"fusion-column-wrapper fusion-flex-column-wrapper-legacy\"><div class=\"fusion-text fusion-text-20\"><div class=\"paragraph\">\n<p class=\"paragraph\"><span style=\"font-size: large;\">THE ART OF COMPASSION \/ PROJECT NO. 21<br \/>\n<\/span>Vegan art exhibition on a digital wall of 9 meters by 5 meters<br \/>\n22-23 September 2018<br \/>\n<strong><a href=\"http:\/\/www.sagradelseitan.it\/\" target=\"_blank\" rel=\"noopener\">Sagra del seitan vegan festival, Italy<\/a><\/strong><\/p>\n<\/div>\n<\/div><div class=\"fusion-clearfix\"><\/div><\/div><\/div><\/div><\/div><div class=\"fusion-fullwidth fullwidth-box fusion-builder-row-21 nonhundred-percent-fullwidth non-hundred-percent-height-scrolling\" style=\"--awb-border-radius-top-left:0px;--awb-border-radius-top-right:0px;--awb-border-radius-bottom-right:0px;--awb-border-radius-bottom-left:0px;--awb-flex-wrap:wrap;\" ><div class=\"fusion-builder-row fusion-row\"><div class=\"fusion-layout-column fusion_builder_column fusion-builder-column-22 fusion_builder_column_1_1 1_1 fusion-one-full fusion-column-first fusion-column-last\" style=\"--awb-bg-size:cover;\"><div class=\"fusion-column-wrapper fusion-flex-column-wrapper-legacy\"><div class=\"fusion-text fusion-text-21\"><div class=\"paragraph\">\n<p><span style=\"font-size: large;\">THE ART OF COMPASSION \/ PROJECT NO. 20<br \/>\n<\/span>Vegan art poster exhibition in aid of\u00a0<strong><a href=\"https:\/\/www.lancasterfarmsanctuary.org\/\" target=\"_blank\" rel=\"noopener\">Lancaster Farm Sanctuary (US)<\/a><\/strong><br \/>\n2 June 2018<br \/>\n<a href=\"http:\/\/pavegfest.com\/\" target=\"_blank\" rel=\"noopener\"><strong>VegFest Lancaster, United States<\/strong><\/a><br \/>\nWatch video\u00a0<strong><a href=\"https:\/\/www.youtube.com\/watch?v=uU5OpJJPXOM&amp;t=3s\" target=\"_blank\" rel=\"noopener\">here<\/a><\/strong><\/p>\n<\/div>\n<\/div><div class=\"fusion-clearfix\"><\/div><\/div><\/div><\/div><\/div><div class=\"fusion-fullwidth fullwidth-box fusion-builder-row-22 nonhundred-percent-fullwidth non-hundred-percent-height-scrolling\" style=\"--awb-border-radius-top-left:0px;--awb-border-radius-top-right:0px;--awb-border-radius-bottom-right:0px;--awb-border-radius-bottom-left:0px;--awb-flex-wrap:wrap;\" ><div class=\"fusion-builder-row fusion-row\"><div class=\"fusion-layout-column fusion_builder_column fusion-builder-column-23 fusion_builder_column_1_1 1_1 fusion-one-full fusion-column-first fusion-column-last\" style=\"--awb-bg-size:cover;\"><div class=\"fusion-column-wrapper fusion-flex-column-wrapper-legacy\"><div class=\"fusion-text fusion-text-22\"><div class=\"paragraph\">\n<p><span style=\"font-size: large;\">THE ART OF COMPASSION \/ PROJECT NO. 17<\/span><br \/>\nVegan art poster exhibition in aid of the\u00a0<strong><a href=\"https:\/\/www.league.org.uk\/\" target=\"_blank\" rel=\"noopener\">League Against Cruel Sports (UK)<\/a><\/strong><br \/>\n26-27 May 2018<br \/>\n<strong><a href=\"https:\/\/bristol.vegfest.co.uk\/\" target=\"_blank\" rel=\"noopener\">VegFest Bristol, United Kingdom<\/a><\/strong><br \/>\nWatch video<strong>\u00a0<a href=\"https:\/\/www.youtube.com\/watch?v=ECa5kmg__ZM\" target=\"_blank\" rel=\"noopener\">here.<\/a><\/strong><\/p>\n<\/div>\n<\/div><div class=\"fusion-clearfix\"><\/div><\/div><\/div><\/div><\/div><div class=\"fusion-fullwidth fullwidth-box fusion-builder-row-23 nonhundred-percent-fullwidth non-hundred-percent-height-scrolling\" style=\"--awb-border-radius-top-left:0px;--awb-border-radius-top-right:0px;--awb-border-radius-bottom-right:0px;--awb-border-radius-bottom-left:0px;--awb-flex-wrap:wrap;\" ><div class=\"fusion-builder-row fusion-row\"><div class=\"fusion-layout-column fusion_builder_column fusion-builder-column-24 fusion_builder_column_1_1 1_1 fusion-one-full fusion-column-first fusion-column-last\" style=\"--awb-bg-size:cover;\"><div class=\"fusion-column-wrapper fusion-flex-column-wrapper-legacy\"><div class=\"fusion-text fusion-text-23\"><div class=\"paragraph\">\n<p><span style=\"font-size: large;\">THE ART OF COMPASSION \/ PROJECT NO. 16<\/span><br \/>\nVegan art poster exhibition in aid of\u00a0<strong><a href=\"https:\/\/www.anonymousforthevoiceless.org\/\" target=\"_blank\" rel=\"noopener\">Anonymous for the Voiceless (UK)<\/a><\/strong><br \/>\n24-25 March 2018<br \/>\n<a href=\"https:\/\/brighton.vegfest.co.uk\/\" target=\"_blank\" rel=\"noopener\"><strong>VegFest Brighton, United Kingdom<\/strong><\/a><br \/>\nWatch video<a href=\"https:\/\/www.youtube.com\/watch?v=MMUm6NeOfXw\" target=\"_blank\" rel=\"noopener\">\u00a0<strong>here.<\/strong><\/a><\/p>\n<\/div>\n<\/div><div class=\"fusion-clearfix\"><\/div><\/div><\/div><\/div><\/div><div class=\"fusion-fullwidth fullwidth-box fusion-builder-row-24 nonhundred-percent-fullwidth non-hundred-percent-height-scrolling\" style=\"--awb-border-radius-top-left:0px;--awb-border-radius-top-right:0px;--awb-border-radius-bottom-right:0px;--awb-border-radius-bottom-left:0px;--awb-flex-wrap:wrap;\" ><div class=\"fusion-builder-row fusion-row\"><div class=\"fusion-layout-column fusion_builder_column fusion-builder-column-25 fusion_builder_column_1_1 1_1 fusion-one-full fusion-column-first fusion-column-last\" style=\"--awb-bg-size:cover;\"><div class=\"fusion-column-wrapper fusion-flex-column-wrapper-legacy\"><div class=\"fusion-text fusion-text-24\"><div class=\"paragraph\">\n<p><span style=\"font-size: large;\">PLENTY FOOD NEDERLAND \/ VEGAN EXHIBITION<\/span><br \/>\nExhibition of original art in aid of\u00a0<a href=\"http:\/\/plentyfood.nl\" target=\"_blank\" rel=\"noopener\"><strong>Stichting Plenty Food Nederland<\/strong><\/a><br \/>\n28-29 October 2018<br \/>\n<a href=\"http:\/\/vegfest.nl\/\" target=\"_blank\" rel=\"noopener\"><strong>VegFestNL, Netherlands<\/strong><\/a><\/p>\n<\/div>\n<\/div><div class=\"fusion-clearfix\"><\/div><\/div><\/div><\/div><\/div><div class=\"fusion-fullwidth fullwidth-box fusion-builder-row-25 nonhundred-percent-fullwidth non-hundred-percent-height-scrolling\" style=\"--awb-border-radius-top-left:0px;--awb-border-radius-top-right:0px;--awb-border-radius-bottom-right:0px;--awb-border-radius-bottom-left:0px;--awb-flex-wrap:wrap;\" ><div class=\"fusion-builder-row fusion-row\"><div class=\"fusion-layout-column fusion_builder_column fusion-builder-column-26 fusion_builder_column_1_1 1_1 fusion-one-full fusion-column-first fusion-column-last\" style=\"--awb-bg-size:cover;\"><div class=\"fusion-column-wrapper fusion-flex-column-wrapper-legacy\"><div class=\"fusion-text fusion-text-25\"><div class=\"paragraph\">\n<p><span style=\"font-size: large;\">BE\u015e\u0130KTA\u015e SANAT MERKEZ\u0130 \/ OPEN DAY ART SCHOOL<\/span><br \/>\nExhibition of original art in Istanbul<br \/>\n18, 19, 20 July 2016<br \/>\n<strong><a href=\"http:\/\/www.besiktassanatmerkezi.com\/\" target=\"_blank\" rel=\"noopener\">Be\u015fikta\u015f Sanat Merkezi, Turkey<\/a><\/strong><\/p>\n<\/div>\n<\/div><div class=\"fusion-clearfix\"><\/div><\/div><\/div><\/div><\/div><div class=\"fusion-fullwidth fullwidth-box fusion-builder-row-26 nonhundred-percent-fullwidth non-hundred-percent-height-scrolling\" style=\"--awb-border-radius-top-left:0px;--awb-border-radius-top-right:0px;--awb-border-radius-bottom-right:0px;--awb-border-radius-bottom-left:0px;--awb-margin-bottom:40px;--awb-flex-wrap:wrap;\" ><div class=\"fusion-builder-row fusion-row\"><div class=\"fusion-layout-column fusion_builder_column fusion-builder-column-27 fusion_builder_column_1_1 1_1 fusion-one-full fusion-column-first fusion-column-last\" style=\"--awb-bg-size:cover;\"><div class=\"fusion-column-wrapper fusion-flex-column-wrapper-legacy\"><div class=\"fusion-text fusion-text-26\"><div class=\"paragraph\">\n<p><span style=\"font-size: large;\">KREATIEVE GROEP WEESP \/ TEACHERS EXHIBITION<\/span><br \/>\nExhibition of original art at the\u00a0<strong><a href=\"http:\/\/www.synagogeweesp.nl\/\" target=\"_blank\" rel=\"noopener\">Synagoge Weesp<\/a><\/strong>, near Amsterdam<br \/>\nOctober 2008<br \/>\n<strong><a href=\"https:\/\/www.kgweesp.nl\/\" target=\"_blank\" rel=\"noopener\">Kreatieve Groep Weesp, Netherlands<\/a><\/strong><\/p>\n<\/div>\n<\/div><div class=\"fusion-clearfix\"><\/div><\/div><\/div><\/div><\/div><div class=\"fusion-fullwidth fullwidth-box fusion-builder-row-27 nonhundred-percent-fullwidth non-hundred-percent-height-scrolling fusion-equal-height-columns\" style=\"--awb-border-radius-top-left:0px;--awb-border-radius-top-right:0px;--awb-border-radius-bottom-right:0px;--awb-border-radius-bottom-left:0px;--awb-padding-top:40px;--awb-padding-right:0px;--awb-padding-bottom:40px;--awb-padding-left:0px;--awb-margin-top:0px;--awb-margin-bottom:0px;--awb-background-color:#d4f1f7;--awb-flex-wrap:wrap;\" ><div class=\"fusion-builder-row fusion-row\"><div class=\"fusion-layout-column fusion_builder_column fusion-builder-column-28 fusion_builder_column_1_4 1_4 fusion-one-fourth fusion-column-first\" style=\"--awb-bg-size:cover;width:25%;width:calc(25% - ( ( 4% ) * 0.25 ) );margin-right: 4%;\"><div class=\"fusion-column-wrapper fusion-flex-column-wrapper-legacy\"><div class=\"fusion-column-content-centered\"><div class=\"fusion-column-content\"><div class=\"fusion-text fusion-text-27\"><p><a href=\"http:\/\/artofcompassionproject.com\/\" target=\"_blank\" rel=\"noopener\"><img decoding=\"async\" class=\"size-full wp-image-3978 alignnone\" src=\"https:\/\/mariatiqwah.nl\/wp-content\/uploads\/2018\/07\/Art-of-compassion.png\" alt=\"\" width=\"467\" height=\"461\" srcset=\"https:\/\/mariatiqwah.nl\/wp-content\/uploads\/2018\/07\/Art-of-compassion-66x66.png 66w, https:\/\/mariatiqwah.nl\/wp-content\/uploads\/2018\/07\/Art-of-compassion-100x100.png 100w, https:\/\/mariatiqwah.nl\/wp-content\/uploads\/2018\/07\/Art-of-compassion-200x197.png 200w, https:\/\/mariatiqwah.nl\/wp-content\/uploads\/2018\/07\/Art-of-compassion-300x296.png 300w, https:\/\/mariatiqwah.nl\/wp-content\/uploads\/2018\/07\/Art-of-compassion-400x395.png 400w, https:\/\/mariatiqwah.nl\/wp-content\/uploads\/2018\/07\/Art-of-compassion.png 467w\" sizes=\"(max-width: 467px) 100vw, 467px\" \/><\/a><\/p>\n<\/div><\/div><\/div><div class=\"fusion-clearfix\"><\/div><\/div><\/div><div class=\"fusion-layout-column fusion_builder_column fusion-builder-column-29 fusion_builder_column_3_4 3_4 fusion-three-fourth fusion-column-last\" style=\"--awb-bg-size:cover;width:75%;width:calc(75% - ( ( 4% ) * 0.75 ) );\"><div class=\"fusion-column-wrapper fusion-flex-column-wrapper-legacy\"><div class=\"fusion-column-content-centered\"><div class=\"fusion-column-content\"><div class=\"fusion-text fusion-text-28\"><p class=\"p1\"><span class=\"s1\">I am very happy and grateful to be a member of\u00a0\u00a0<a href=\"http:\/\/artofcompassionproject.com\/\" target=\"_blank\" rel=\"noopener\"><strong>The Art of Compassion Project<\/strong><\/a> , an international collective art project involving vegan artists from all around the world. They aim to raise funds through various art projects and donate 100% of the profits to vegan non-profit organizations, while opening the minds and hearts of people to animals and the global benefits of veganism. <\/span><\/p>\n<\/div><\/div><\/div><div class=\"fusion-clearfix\"><\/div><\/div><\/div><\/div><\/div><\/p>","protected":false},"excerpt":{"rendered":"","protected":false},"author":1,"featured_media":0,"parent":0,"menu_order":0,"comment_status":"closed","ping_status":"closed","template":"100-width.php","meta":{"_acf_changed":false,"jetpack_post_was_ever_published":false,"footnotes":""},"class_list":["post-3752","page","type-page","status-publish","hentry"],"acf":[],"aioseo_notices":[],"jetpack_sharing_enabled":true,"jetpack_shortlink":"https:\/\/wp.me\/Pafx8z-Yw","_links":{"self":[{"href":"https:\/\/mariatiqwah.nl\/en\/wp-json\/wp\/v2\/pages\/3752","targetHints":{"allow":["GET"]}}],"collection":[{"href":"https:\/\/mariatiqwah.nl\/en\/wp-json\/wp\/v2\/pages"}],"about":[{"href":"https:\/\/mariatiqwah.nl\/en\/wp-json\/wp\/v2\/types\/page"}],"author":[{"embeddable":true,"href":"https:\/\/mariatiqwah.nl\/en\/wp-json\/wp\/v2\/users\/1"}],"replies":[{"embeddable":true,"href":"https:\/\/mariatiqwah.nl\/en\/wp-json\/wp\/v2\/comments?post=3752"}],"version-history":[{"count":11,"href":"https:\/\/mariatiqwah.nl\/en\/wp-json\/wp\/v2\/pages\/3752\/revisions"}],"predecessor-version":[{"id":7512,"href":"https:\/\/mariatiqwah.nl\/en\/wp-json\/wp\/v2\/pages\/3752\/revisions\/7512"}],"wp:attachment":[{"href":"https:\/\/mariatiqwah.nl\/en\/wp-json\/wp\/v2\/media?parent=3752"}],"curies":[{"name":"wp","href":"https:\/\/api.w.org\/{rel}","templated":true}]}}